{"id":289,"date":"2024-05-21T23:26:20","date_gmt":"2024-05-21T21:26:20","guid":{"rendered":"https:\/\/lesbambinsdefontcaude.fr\/?page_id=289"},"modified":"2024-09-10T16:18:56","modified_gmt":"2024-09-10T14:18:56","slug":"cafe-des-parents","status":"publish","type":"page","link":"https:\/\/lesbambinsdefontcaude.fr\/index.php\/cafe-des-parents\/","title":{"rendered":"Caf\u00e9 des Parents"},"content":{"rendered":"\n<p>Le Caf\u00e9 des Parents est un rendez-vous d\u00e9di\u00e9 aux parents des \u00e9coles de la ville de Juvignac, c\u2019est un moment et un lieu de rencontre o\u00f9 nous pouvons nous retrouver et tisser des liens dans une atmosph\u00e8re conviviale et bienveillante. C&#8217;est l&#8217;opportunit\u00e9 de prendre un moment en dehors de l\u2019\u00e9cole pour discuter avec d&#8217;autres parents, partager nos r\u00e9flexions et nos exp\u00e9riences, chacun pourra se sentir entendu et compris.<br>Des th\u00e9matiques seront abord\u00e9s par des professionnels pendant les rendez-vous propos\u00e9s.<\/p>\n\n\n\n<p>En Partenariat avec l&#8217;Association des Parents d&#8217;\u00e9l\u00e8ves les Enfants de Madiba et la Ville de Juvignac.<\/p>\n\n\n\n<p>*sous inscription, places limit\u00e9es<\/p>\n\n\n<div class=\"wp-block-image\">\n<figure class=\"aligncenter size-full is-resized\"><img loading=\"lazy\" decoding=\"async\" width=\"1414\" height=\"2000\" src=\"http:\/\/lesbambinsdefontcaude.fr\/wp-content\/uploads\/2024\/09\/cafe-des-parents.png\" alt=\"\" class=\"wp-image-337\" style=\"width:580px;height:auto\" srcset=\"https:\/\/lesbambinsdefontcaude.fr\/wp-content\/uploads\/2024\/09\/cafe-des-parents.png 1414w, https:\/\/lesbambinsdefontcaude.fr\/wp-content\/uploads\/2024\/09\/cafe-des-parents-212x300.png 212w, https:\/\/lesbambinsdefontcaude.fr\/wp-content\/uploads\/2024\/09\/cafe-des-parents-724x1024.png 724w, https:\/\/lesbambinsdefontcaude.fr\/wp-content\/uploads\/2024\/09\/cafe-des-parents-768x1086.png 768w, https:\/\/lesbambinsdefontcaude.fr\/wp-content\/uploads\/2024\/09\/cafe-des-parents-1086x1536.png 1086w, https:\/\/lesbambinsdefontcaude.fr\/wp-content\/uploads\/2024\/09\/cafe-des-parents-42x60.png 42w\" sizes=\"auto, (max-width: 1414px) 100vw, 1414px\" \/><\/figure>\n<\/div>\n\n<div class=\"wpforms-container wpforms-container-full ticss-d374ab07\" id=\"wpforms-293\"><form id=\"wpforms-form-293\" class=\"wpforms-validate wpforms-form wpforms-ajax-form\" data-formid=\"293\" method=\"post\" enctype=\"multipart\/form-data\" action=\"\/index.php\/wp-json\/wp\/v2\/pages\/289\" data-token=\"82b04a9e610fc9d2b49df2399e641485\"><noscript class=\"wpforms-error-noscript\">Please enable JavaScript in your browser to complete this form.<\/noscript><div class=\"wpforms-field-container\"><div id=\"wpforms-293-field_1-container\" class=\"wpforms-field wpforms-field-name\" data-field-id=\"1\"><label class=\"wpforms-field-label\" for=\"wpforms-293-field_1\"> Coordonn\u00e9es <span class=\"wpforms-required-label\">*<\/span><\/label><div class=\"wpforms-field-row wpforms-field-medium\"><div class=\"wpforms-field-row-block wpforms-first wpforms-one-half\"><input type=\"text\" id=\"wpforms-293-field_1\" class=\"wpforms-field-name-first wpforms-field-required\" name=\"wpforms[fields][1][first]\" required><label for=\"wpforms-293-field_1\" class=\"wpforms-field-sublabel after \">First<\/label><\/div><div class=\"wpforms-field-row-block wpforms-one-half\"><input type=\"text\" id=\"wpforms-293-field_1-last\" class=\"wpforms-field-name-last wpforms-field-required\" name=\"wpforms[fields][1][last]\" required><label for=\"wpforms-293-field_1-last\" class=\"wpforms-field-sublabel after \">Last<\/label><\/div><\/div><\/div><div id=\"wpforms-293-field_2-container\" class=\"wpforms-field wpforms-field-email\" data-field-id=\"2\"><label class=\"wpforms-field-label\" for=\"wpforms-293-field_2\">Email <span class=\"wpforms-required-label\">*<\/span><\/label><input type=\"email\" id=\"wpforms-293-field_2\" class=\"wpforms-field-medium wpforms-field-required\" name=\"wpforms[fields][2]\" required><\/div><div id=\"wpforms-293-field_3-container\" class=\"wpforms-field wpforms-field-text\" data-field-id=\"3\"><label class=\"wpforms-field-label\" for=\"wpforms-293-field_3\">Ecole<\/label><input type=\"text\" id=\"wpforms-293-field_3\" class=\"wpforms-field-medium\" name=\"wpforms[fields][3]\" ><\/div><div id=\"wpforms-293-field_4-container\" class=\"wpforms-field wpforms-field-radio\" data-field-id=\"4\"><label class=\"wpforms-field-label\" for=\"wpforms-293-field_4\">Quelle session souhaitez-vous vous inscrire? <span class=\"wpforms-required-label\">*<\/span><\/label><ul id=\"wpforms-293-field_4\" class=\"wpforms-field-required\"><li class=\"choice-4 depth-1\"><input type=\"radio\" id=\"wpforms-293-field_4_4\" name=\"wpforms[fields][4]\" value=\"12\/10\/2024\" required ><label class=\"wpforms-field-label-inline\" for=\"wpforms-293-field_4_4\">12\/10\/2024<\/label><\/li><li class=\"choice-7 depth-1\"><input type=\"radio\" id=\"wpforms-293-field_4_7\" name=\"wpforms[fields][4]\" value=\"16\/11\/2024\" required ><label class=\"wpforms-field-label-inline\" for=\"wpforms-293-field_4_7\">16\/11\/2024<\/label><\/li><li class=\"choice-6 depth-1\"><input type=\"radio\" id=\"wpforms-293-field_4_6\" name=\"wpforms[fields][4]\" value=\"14\/12\/2024\" required ><label class=\"wpforms-field-label-inline\" for=\"wpforms-293-field_4_6\">14\/12\/2024<\/label><\/li><li class=\"choice-5 depth-1\"><input type=\"radio\" id=\"wpforms-293-field_4_5\" name=\"wpforms[fields][4]\" value=\"18\/01\/2025\" required ><label class=\"wpforms-field-label-inline\" for=\"wpforms-293-field_4_5\">18\/01\/2025<\/label><\/li><li class=\"choice-3 depth-1\"><input type=\"radio\" id=\"wpforms-293-field_4_3\" name=\"wpforms[fields][4]\" value=\"08\/02\/2025\" required ><label class=\"wpforms-field-label-inline\" for=\"wpforms-293-field_4_3\">08\/02\/2025<\/label><\/li><li class=\"choice-8 depth-1\"><input type=\"radio\" id=\"wpforms-293-field_4_8\" name=\"wpforms[fields][4]\" value=\"15\/03\/2025\" required ><label class=\"wpforms-field-label-inline\" for=\"wpforms-293-field_4_8\">15\/03\/2025<\/label><\/li><li class=\"choice-9 depth-1\"><input type=\"radio\" id=\"wpforms-293-field_4_9\" name=\"wpforms[fields][4]\" value=\"05\/04\/2025\" required ><label class=\"wpforms-field-label-inline\" for=\"wpforms-293-field_4_9\">05\/04\/2025<\/label><\/li><li class=\"choice-10 depth-1\"><input type=\"radio\" id=\"wpforms-293-field_4_10\" name=\"wpforms[fields][4]\" value=\"17\/05\/2025\" required ><label class=\"wpforms-field-label-inline\" for=\"wpforms-293-field_4_10\">17\/05\/2025<\/label><\/li><li class=\"choice-11 depth-1\"><input type=\"radio\" id=\"wpforms-293-field_4_11\" name=\"wpforms[fields][4]\" value=\"14\/06\/2025\" required ><label class=\"wpforms-field-label-inline\" for=\"wpforms-293-field_4_11\">14\/06\/2025<\/label><\/li><\/ul><\/div><\/div><div class=\"wpforms-recaptcha-container wpforms-is-recaptcha\"><div class=\"g-recaptcha\" data-sitekey=\"6Lc_JOQpAAAAAIJigGGNaQdarCe5UhalJmDQQrIl\"><\/div><input type=\"text\" name=\"g-recaptcha-hidden\" class=\"wpforms-recaptcha-hidden\" style=\"position:absolute!important;clip:rect(0,0,0,0)!important;height:1px!important;width:1px!important;border:0!important;overflow:hidden!important;padding:0!important;margin:0!important;\" required><\/div><div class=\"wpforms-submit-container\"><input type=\"hidden\" name=\"wpforms[id]\" value=\"293\"><input type=\"hidden\" name=\"wpforms[author]\" value=\"1\"><button type=\"submit\" name=\"wpforms[submit]\" id=\"wpforms-submit-293\" class=\"wpforms-submit\" data-alt-text=\"En cours\" data-submit-text=\"Inscription\" aria-live=\"assertive\" value=\"wpforms-submit\">Inscription<\/button><img loading=\"lazy\" decoding=\"async\" src=\"https:\/\/lesbambinsdefontcaude.fr\/wp-content\/plugins\/wpforms-lite\/assets\/images\/submit-spin.svg\" class=\"wpforms-submit-spinner\" style=\"display: none;\" width=\"26\" height=\"26\" alt=\"Loading\"><\/div><\/form><\/div>  <!-- .wpforms-container -->","protected":false},"excerpt":{"rendered":"<p>Le Caf\u00e9 des Parents est un rendez-vous d\u00e9di\u00e9 aux parents des \u00e9coles de la ville de Juvignac, c\u2019est un moment et un lieu de rencontre o\u00f9 nous pouvons nous retrouver &hellip; <\/p>\n","protected":false},"author":1,"featured_media":0,"parent":0,"menu_order":0,"comment_status":"closed","ping_status":"closed","template":"","meta":{"_themeisle_gutenberg_block_has_review":false,"_ti_tpc_template_sync":false,"_ti_tpc_template_id":"","footnotes":""},"class_list":["post-289","page","type-page","status-publish","hentry"],"yoast_head":"<!-- This site is optimized with the Yoast SEO plugin v19.13 - https:\/\/yoast.com\/wordpress\/plugins\/seo\/ -->\n<title>Caf\u00e9 des Parents - Association Les Bambins de Fontcaude<\/title>\n<meta name=\"description\" content=\"Inscription aux sessions des caf\u00e9s des parents propos\u00e9s par les Associations des parents d&#039;\u00e9l\u00e8ves Les Bambins de Fontcaude et les Enfants de Madiba.\" \/>\n<meta name=\"robots\" content=\"index, follow, max-snippet:-1, max-image-preview:large, max-video-preview:-1\" \/>\n<link rel=\"canonical\" href=\"https:\/\/lesbambinsdefontcaude.fr\/index.php\/cafe-des-parents\/\" \/>\n<meta property=\"og:locale\" content=\"en_US\" \/>\n<meta property=\"og:type\" content=\"article\" \/>\n<meta property=\"og:title\" content=\"Caf\u00e9 des Parents - Association Les Bambins de Fontcaude\" \/>\n<meta property=\"og:description\" content=\"Inscription aux sessions des caf\u00e9s des parents propos\u00e9s par les Associations des parents d&#039;\u00e9l\u00e8ves Les Bambins de Fontcaude et les Enfants de Madiba.\" \/>\n<meta property=\"og:url\" content=\"https:\/\/lesbambinsdefontcaude.fr\/index.php\/cafe-des-parents\/\" \/>\n<meta property=\"og:site_name\" content=\"Association Les Bambins de Fontcaude\" \/>\n<meta property=\"article:publisher\" content=\"https:\/\/m.facebook.com\/people\/Association-des-Parents-dlves-Les-Bambins-de-Fontcaude\/100086755537772\/\" \/>\n<meta property=\"article:modified_time\" content=\"2024-09-10T14:18:56+00:00\" \/>\n<meta property=\"og:image\" content=\"http:\/\/lesbambinsdefontcaude.fr\/wp-content\/uploads\/2024\/09\/cafe-des-parents.png\" \/>\n<meta name=\"twitter:card\" content=\"summary_large_image\" \/>\n<meta name=\"twitter:label1\" content=\"Est. reading time\" \/>\n\t<meta name=\"twitter:data1\" content=\"1 minute\" \/>\n<script type=\"application\/ld+json\" class=\"yoast-schema-graph\">{\"@context\":\"https:\/\/schema.org\",\"@graph\":[{\"@type\":\"WebPage\",\"@id\":\"https:\/\/lesbambinsdefontcaude.fr\/index.php\/cafe-des-parents\/\",\"url\":\"https:\/\/lesbambinsdefontcaude.fr\/index.php\/cafe-des-parents\/\",\"name\":\"Caf\u00e9 des Parents - Association Les Bambins de Fontcaude\",\"isPartOf\":{\"@id\":\"https:\/\/lesbambinsdefontcaude.fr\/#website\"},\"datePublished\":\"2024-05-21T21:26:20+00:00\",\"dateModified\":\"2024-09-10T14:18:56+00:00\",\"description\":\"Inscription aux sessions des caf\u00e9s des parents propos\u00e9s par les Associations des parents d'\u00e9l\u00e8ves Les Bambins de Fontcaude et les Enfants de Madiba.\",\"breadcrumb\":{\"@id\":\"https:\/\/lesbambinsdefontcaude.fr\/index.php\/cafe-des-parents\/#breadcrumb\"},\"inLanguage\":\"en-US\",\"potentialAction\":[{\"@type\":\"ReadAction\",\"target\":[\"https:\/\/lesbambinsdefontcaude.fr\/index.php\/cafe-des-parents\/\"]}]},{\"@type\":\"BreadcrumbList\",\"@id\":\"https:\/\/lesbambinsdefontcaude.fr\/index.php\/cafe-des-parents\/#breadcrumb\",\"itemListElement\":[{\"@type\":\"ListItem\",\"position\":1,\"name\":\"Accueil\",\"item\":\"https:\/\/lesbambinsdefontcaude.fr\/\"},{\"@type\":\"ListItem\",\"position\":2,\"name\":\"Caf\u00e9 des Parents\"}]},{\"@type\":\"WebSite\",\"@id\":\"https:\/\/lesbambinsdefontcaude.fr\/#website\",\"url\":\"https:\/\/lesbambinsdefontcaude.fr\/\",\"name\":\"lesbambinsdefontcaude\",\"description\":\"\",\"publisher\":{\"@id\":\"https:\/\/lesbambinsdefontcaude.fr\/#organization\"},\"potentialAction\":[{\"@type\":\"SearchAction\",\"target\":{\"@type\":\"EntryPoint\",\"urlTemplate\":\"https:\/\/lesbambinsdefontcaude.fr\/?s={search_term_string}\"},\"query-input\":\"required name=search_term_string\"}],\"inLanguage\":\"en-US\"},{\"@type\":\"Organization\",\"@id\":\"https:\/\/lesbambinsdefontcaude.fr\/#organization\",\"name\":\"Association des parents d'\u00e9l\u00e8ves les Bambins de Fontcaude\",\"url\":\"https:\/\/lesbambinsdefontcaude.fr\/\",\"logo\":{\"@type\":\"ImageObject\",\"inLanguage\":\"en-US\",\"@id\":\"https:\/\/lesbambinsdefontcaude.fr\/#\/schema\/logo\/image\/\",\"url\":\"http:\/\/lesbambinsdefontcaude.fr\/wp-content\/uploads\/2022\/12\/png_20220921_213444_0000-5.png\",\"contentUrl\":\"http:\/\/lesbambinsdefontcaude.fr\/wp-content\/uploads\/2022\/12\/png_20220921_213444_0000-5.png\",\"width\":617,\"height\":370,\"caption\":\"Association des parents d'\u00e9l\u00e8ves les Bambins de Fontcaude\"},\"image\":{\"@id\":\"https:\/\/lesbambinsdefontcaude.fr\/#\/schema\/logo\/image\/\"},\"sameAs\":[\"https:\/\/m.facebook.com\/people\/Association-des-Parents-dlves-Les-Bambins-de-Fontcaude\/100086755537772\/\"]}]}<\/script>\n<!-- \/ Yoast SEO plugin. -->","yoast_head_json":{"title":"Caf\u00e9 des Parents - Association Les Bambins de Fontcaude","description":"Inscription aux sessions des caf\u00e9s des parents propos\u00e9s par les Associations des parents d'\u00e9l\u00e8ves Les Bambins de Fontcaude et les Enfants de Madiba.","robots":{"index":"index","follow":"follow","max-snippet":"max-snippet:-1","max-image-preview":"max-image-preview:large","max-video-preview":"max-video-preview:-1"},"canonical":"https:\/\/lesbambinsdefontcaude.fr\/index.php\/cafe-des-parents\/","og_locale":"en_US","og_type":"article","og_title":"Caf\u00e9 des Parents - Association Les Bambins de Fontcaude","og_description":"Inscription aux sessions des caf\u00e9s des parents propos\u00e9s par les Associations des parents d'\u00e9l\u00e8ves Les Bambins de Fontcaude et les Enfants de Madiba.","og_url":"https:\/\/lesbambinsdefontcaude.fr\/index.php\/cafe-des-parents\/","og_site_name":"Association Les Bambins de Fontcaude","article_publisher":"https:\/\/m.facebook.com\/people\/Association-des-Parents-dlves-Les-Bambins-de-Fontcaude\/100086755537772\/","article_modified_time":"2024-09-10T14:18:56+00:00","og_image":[{"url":"http:\/\/lesbambinsdefontcaude.fr\/wp-content\/uploads\/2024\/09\/cafe-des-parents.png"}],"twitter_card":"summary_large_image","twitter_misc":{"Est. reading time":"1 minute"},"schema":{"@context":"https:\/\/schema.org","@graph":[{"@type":"WebPage","@id":"https:\/\/lesbambinsdefontcaude.fr\/index.php\/cafe-des-parents\/","url":"https:\/\/lesbambinsdefontcaude.fr\/index.php\/cafe-des-parents\/","name":"Caf\u00e9 des Parents - Association Les Bambins de Fontcaude","isPartOf":{"@id":"https:\/\/lesbambinsdefontcaude.fr\/#website"},"datePublished":"2024-05-21T21:26:20+00:00","dateModified":"2024-09-10T14:18:56+00:00","description":"Inscription aux sessions des caf\u00e9s des parents propos\u00e9s par les Associations des parents d'\u00e9l\u00e8ves Les Bambins de Fontcaude et les Enfants de Madiba.","breadcrumb":{"@id":"https:\/\/lesbambinsdefontcaude.fr\/index.php\/cafe-des-parents\/#breadcrumb"},"inLanguage":"en-US","potentialAction":[{"@type":"ReadAction","target":["https:\/\/lesbambinsdefontcaude.fr\/index.php\/cafe-des-parents\/"]}]},{"@type":"BreadcrumbList","@id":"https:\/\/lesbambinsdefontcaude.fr\/index.php\/cafe-des-parents\/#breadcrumb","itemListElement":[{"@type":"ListItem","position":1,"name":"Accueil","item":"https:\/\/lesbambinsdefontcaude.fr\/"},{"@type":"ListItem","position":2,"name":"Caf\u00e9 des Parents"}]},{"@type":"WebSite","@id":"https:\/\/lesbambinsdefontcaude.fr\/#website","url":"https:\/\/lesbambinsdefontcaude.fr\/","name":"lesbambinsdefontcaude","description":"","publisher":{"@id":"https:\/\/lesbambinsdefontcaude.fr\/#organization"},"potentialAction":[{"@type":"SearchAction","target":{"@type":"EntryPoint","urlTemplate":"https:\/\/lesbambinsdefontcaude.fr\/?s={search_term_string}"},"query-input":"required name=search_term_string"}],"inLanguage":"en-US"},{"@type":"Organization","@id":"https:\/\/lesbambinsdefontcaude.fr\/#organization","name":"Association des parents d'\u00e9l\u00e8ves les Bambins de Fontcaude","url":"https:\/\/lesbambinsdefontcaude.fr\/","logo":{"@type":"ImageObject","inLanguage":"en-US","@id":"https:\/\/lesbambinsdefontcaude.fr\/#\/schema\/logo\/image\/","url":"http:\/\/lesbambinsdefontcaude.fr\/wp-content\/uploads\/2022\/12\/png_20220921_213444_0000-5.png","contentUrl":"http:\/\/lesbambinsdefontcaude.fr\/wp-content\/uploads\/2022\/12\/png_20220921_213444_0000-5.png","width":617,"height":370,"caption":"Association des parents d'\u00e9l\u00e8ves les Bambins de Fontcaude"},"image":{"@id":"https:\/\/lesbambinsdefontcaude.fr\/#\/schema\/logo\/image\/"},"sameAs":["https:\/\/m.facebook.com\/people\/Association-des-Parents-dlves-Les-Bambins-de-Fontcaude\/100086755537772\/"]}]}},"featured_image_src":null,"featured_image_src_square":null,"_links":{"self":[{"href":"https:\/\/lesbambinsdefontcaude.fr\/index.php\/wp-json\/wp\/v2\/pages\/289","targetHints":{"allow":["GET"]}}],"collection":[{"href":"https:\/\/lesbambinsdefontcaude.fr\/index.php\/wp-json\/wp\/v2\/pages"}],"about":[{"href":"https:\/\/lesbambinsdefontcaude.fr\/index.php\/wp-json\/wp\/v2\/types\/page"}],"author":[{"embeddable":true,"href":"https:\/\/lesbambinsdefontcaude.fr\/index.php\/wp-json\/wp\/v2\/users\/1"}],"replies":[{"embeddable":true,"href":"https:\/\/lesbambinsdefontcaude.fr\/index.php\/wp-json\/wp\/v2\/comments?post=289"}],"version-history":[{"count":10,"href":"https:\/\/lesbambinsdefontcaude.fr\/index.php\/wp-json\/wp\/v2\/pages\/289\/revisions"}],"predecessor-version":[{"id":338,"href":"https:\/\/lesbambinsdefontcaude.fr\/index.php\/wp-json\/wp\/v2\/pages\/289\/revisions\/338"}],"wp:attachment":[{"href":"https:\/\/lesbambinsdefontcaude.fr\/index.php\/wp-json\/wp\/v2\/media?parent=289"}],"curies":[{"name":"wp","href":"https:\/\/api.w.org\/{rel}","templated":true}]}}